{"id":106,"date":"2026-03-10T10:25:00","date_gmt":"2026-03-10T10:25:00","guid":{"rendered":"https:\/\/thangmayfujith.com\/lien-he\/"},"modified":"2026-03-20T07:48:36","modified_gmt":"2026-03-20T07:48:36","slug":"lien-he","status":"publish","type":"page","link":"https:\/\/thangmayfujith.com\/?page_id=106","title":{"rendered":"Li\u00ean h\u1ec7"},"content":{"rendered":"\n\n\t<section class=\"section\" id=\"section_221898648\">\n\t\t<div class=\"section-bg fill\" >\n\t\t\t\t\t\t\t\t\t\n\t\t\t\n\n\t\t<\/div>\n\n\t\t\n\n\t\t<div class=\"section-content relative\">\n\t\t\t\n\n<h1>Li\u00ean h\u1ec7 v\u1edbi thang m\u00e1y FUJI TH<\/h1>\n\n\t\t<\/div>\n\n\t\t\n<style>\n#section_221898648 {\n  padding-top: 30px;\n  padding-bottom: 30px;\n}\n<\/style>\n\t<\/section>\n\t\n\n\t<section class=\"section\" id=\"section_1904058249\">\n\t\t<div class=\"section-bg fill\" >\n\t\t\t\t\t\t\t\t\t\n\t\t\t\n\n\t\t<\/div>\n\n\t\t\n\n\t\t<div class=\"section-content relative\">\n\t\t\t\n\n<p>\u00a0<\/p>\n<p><strong>C\u00d4NG TY TNHH FUJI TH<\/strong><\/p>\n<p>\u0110\u1ecba ch\u1ec9: S\u1ed1 10, ng\u00f5 117, ph\u1ed1 Mai Ph\u00fac, ph\u01b0\u1eddng Ph\u00fac L\u1ee3i, H\u00e0 N\u1ed9i<\/p>\n<p>\u0110i\u1ec7n tho\u1ea1i: 0989 397 282 \u2013 0924 286 386<\/p>\n<p>MST: 0109220557<\/p>\n<p>Email: fujith557@gmail.com<\/p>\n<p>Li\u00ean h\u1ec7: Mr Tu\u00e2n<\/p>\n\n\t\t<\/div>\n\n\t\t\n<style>\n#section_1904058249 {\n  padding-top: 30px;\n  padding-bottom: 30px;\n}\n<\/style>\n\t<\/section>\n\t\n\n\t<section class=\"section\" id=\"section_369083472\">\n\t\t<div class=\"section-bg fill\" >\n\t\t\t\t\t\t\t\t\t\n\t\t\t\n\n\t\t<\/div>\n\n\t\t\n\n\t\t<div class=\"section-content relative\">\n\t\t\t\n\n<div class=\"row\"  id=\"row-1911710696\">\n\n\n\t<div id=\"col-2107254725\" class=\"col large-12\"  >\n\t\t\t\t<div class=\"col-inner\"  >\n\t\t\t\n\t\t\t\n\n<p>\u00a0<\/p>\n<p>Qu\u00fd kh\u00e1ch h\u00e0ng h\u00e3y cung c\u1ea5p th\u00f4ng tin li\u00ean h\u1ec7. Ch\u00fang t\u00f4i s\u1ebd li\u00ean h\u1ec7 l\u1ea1i ngay v\u1edbi qu\u00fd kh\u00e1ch h\u00e0ng.<\/p>\n\n<div class=\"wpcf7 no-js\" id=\"wpcf7-f1824-o1\" lang=\"en-GB\" dir=\"ltr\" data-wpcf7-id=\"1824\">\n<div class=\"screen-reader-response\"><p role=\"status\" aria-live=\"polite\" aria-atomic=\"true\"><\/p> <ul><\/ul><\/div>\n<form action=\"\/index.php?rest_route=%2Fwp%2Fv2%2Fpages%2F106#wpcf7-f1824-o1\" method=\"post\" class=\"wpcf7-form init\" aria-label=\"Contact form\" novalidate=\"novalidate\" data-status=\"init\">\n<fieldset class=\"hidden-fields-container\"><input type=\"hidden\" name=\"_wpcf7\" value=\"1824\" \/><input type=\"hidden\" name=\"_wpcf7_version\" value=\"6.1.5\" \/><input type=\"hidden\" name=\"_wpcf7_locale\" value=\"en_GB\" \/><input type=\"hidden\" name=\"_wpcf7_unit_tag\" value=\"wpcf7-f1824-o1\" \/><input type=\"hidden\" name=\"_wpcf7_container_post\" value=\"0\" \/><input type=\"hidden\" name=\"_wpcf7_posted_data_hash\" value=\"\" \/>\n<\/fieldset>\n<div class=\"row formdangky\">\n\t<div class=\"col small-5\">\n\t\t<div style=\"margin-bottom: 16px\">\n\t\t\t<p><span class=\"wpcf7-form-control-wrap\" data-name=\"your-name\"><input size=\"40\" maxlength=\"400\" class=\"wpcf7-form-control wpcf7-text wpcf7-validates-as-required\" aria-required=\"true\" aria-invalid=\"false\" placeholder=\"H\u1ecd t\u00ean*\" value=\"\" type=\"text\" name=\"your-name\" \/><\/span>\n\t\t\t<\/p>\n\t\t<\/div>\n\t\t<div style=\"padding:\"0;\">\n\t\t\t<p><span class=\"wpcf7-form-control-wrap\" data-name=\"your-phone\"><input size=\"40\" maxlength=\"400\" class=\"wpcf7-form-control wpcf7-tel wpcf7-validates-as-required wpcf7-text wpcf7-validates-as-tel\" aria-required=\"true\" aria-invalid=\"false\" placeholder=\"\u0110i\u1ec7n tho\u1ea1i*\" value=\"\" type=\"tel\" name=\"your-phone\" \/><\/span>\n\t\t\t<\/p>\n\t\t<\/div>\n\t<\/div>\n\t<div class=\"col small-5\">\n\t\t<div style=\"padding:\"0;\">\n\t\t\t<p><span class=\"wpcf7-form-control-wrap\" data-name=\"your-noidung\"><textarea cols=\"40\" rows=\"10\" maxlength=\"2000\" class=\"wpcf7-form-control wpcf7-textarea wpcf7-validates-as-required\" aria-required=\"true\" aria-invalid=\"false\" placeholder=\"N\u1ed9i dung*\" name=\"your-noidung\"><\/textarea><\/span>\n\t\t\t<\/p>\n\t\t<\/div>\n\t<\/div>\n\t<div class=\"col small-2\">\n\t\t<p><input class=\"wpcf7-form-control wpcf7-submit has-spinner\" type=\"submit\" value=\"G\u1eedi \u0111i\" \/>\n\t\t<\/p>\n\t<\/div>\n<\/div><div class=\"wpcf7-response-output\" aria-hidden=\"true\"><\/div>\n<\/form>\n<\/div>\n\n\n\t\t<\/div>\n\t\t\t\t\t<\/div>\n\n\t\n\n\t<div id=\"col-673036468\" class=\"col large-12\"  >\n\t\t\t\t<div class=\"col-inner\"  >\n\t\t\t\n\t\t\t\n\n<h3>B\u1ea3n \u0111\u1ed3<\/h3>\n<p><iframe\n  src=\"https:\/\/www.google.com\/maps?q=S\u1ed1+10,+ng\u00f5+117,+ph\u1ed1+Mai+Ph\u00fac,+Ph\u00fac+L\u1ee3i,+H\u00e0+N\u1ed9i&#038;output=embed\"\n  width=\"100%\"\n  height=\"250\"\n  style=\"border:0;\"\n  allowfullscreen=\"\"\n  loading=\"lazy\"\n  referrerpolicy=\"no-referrer-when-downgrade\"><br \/>\n<\/iframe><\/p>\n\n\n\t\t<\/div>\n\t\t\t\t\t<\/div>\n\n\t\n\n<\/div>\n\n\t\t<\/div>\n\n\t\t\n<style>\n#section_369083472 {\n  padding-top: 30px;\n  padding-bottom: 30px;\n}\n<\/style>\n\t<\/section>\n\t\n\n","protected":false},"excerpt":{"rendered":"","protected":false},"author":3,"featured_media":0,"parent":0,"menu_order":0,"comment_status":"closed","ping_status":"closed","template":"","meta":{"_yoast_wpseo_focuskw":"","_yoast_wpseo_title":"Li\u00ean h\u1ec7 FUJI TH | T\u01b0 v\u1ea5n thang m\u00e1y gia \u0111\u00ecnh","_yoast_wpseo_metadesc":"Li\u00ean h\u1ec7 FUJI TH \u0111\u1ec3 t\u01b0 v\u1ea5n thang m\u00e1y gia \u0111\u00ecnh cho nh\u00e0 ph\u1ed1, nh\u00e0 cao t\u1ea7ng. T\u01b0 v\u1ea5n nhanh, h\u1ed7 tr\u1ee3 t\u1eadn t\u00ecnh, b\u1ea3o h\u00e0nh r\u00f5 r\u00e0ng.","_yoast_wpseo_opengraph-title":"Li\u00ean h\u1ec7 FUJI TH \u2013 Thang m\u00e1y gia \u0111\u00ecnh","_yoast_wpseo_opengraph-description":"G\u1ecdi ngay \u0111\u1ec3 \u0111\u01b0\u1ee3c t\u01b0 v\u1ea5n thang m\u00e1y gia \u0111\u00ecnh ph\u00f9 h\u1ee3p nhu c\u1ea7u s\u1eed d\u1ee5ng.","_uag_custom_page_level_css":"","footnotes":""},"class_list":["post-106","page","type-page","status-publish","hentry"],"yoast_head":"<!-- This site is optimized with the Yoast SEO Premium plugin v26.2 (Yoast SEO v26.2) - https:\/\/yoast.com\/wordpress\/plugins\/seo\/ -->\n<title>Li\u00ean h\u1ec7 FUJI TH | T\u01b0 v\u1ea5n thang m\u00e1y gia \u0111\u00ecnh<\/title>\n<meta name=\"description\" content=\"Li\u00ean h\u1ec7 FUJI TH \u0111\u1ec3 t\u01b0 v\u1ea5n thang m\u00e1y gia \u0111\u00ecnh cho nh\u00e0 ph\u1ed1, nh\u00e0 cao t\u1ea7ng. T\u01b0 v\u1ea5n nhanh, h\u1ed7 tr\u1ee3 t\u1eadn t\u00ecnh, b\u1ea3o h\u00e0nh r\u00f5 r\u00e0ng.\" \/>\n<meta name=\"robots\" content=\"index, follow, max-snippet:-1, max-image-preview:large, max-video-preview:-1\" \/>\n<link rel=\"canonical\" href=\"https:\/\/thangmayfujith.com\/?page_id=106\" \/>\n<meta property=\"og:locale\" content=\"en_GB\" \/>\n<meta property=\"og:type\" content=\"article\" \/>\n<meta property=\"og:title\" content=\"Li\u00ean h\u1ec7 FUJI TH \u2013 Thang m\u00e1y gia \u0111\u00ecnh\" \/>\n<meta property=\"og:description\" content=\"G\u1ecdi ngay \u0111\u1ec3 \u0111\u01b0\u1ee3c t\u01b0 v\u1ea5n thang m\u00e1y gia \u0111\u00ecnh ph\u00f9 h\u1ee3p nhu c\u1ea7u s\u1eed d\u1ee5ng.\" \/>\n<meta property=\"og:url\" content=\"https:\/\/thangmayfujith.com\/?page_id=106\" \/>\n<meta property=\"og:site_name\" content=\"thangmayfujith.com\" \/>\n<meta property=\"article:publisher\" content=\"https:\/\/www.facebook.com\/profile.php?id=695286863979169\" \/>\n<meta property=\"article:modified_time\" content=\"2026-03-20T07:48:36+00:00\" \/>\n<meta name=\"twitter:card\" content=\"summary_large_image\" \/>\n<meta name=\"twitter:title\" content=\"Li\u00ean h\u1ec7\" \/>\n<script type=\"application\/ld+json\" class=\"yoast-schema-graph\">{\"@context\":\"https:\/\/schema.org\",\"@graph\":[{\"@type\":\"WebPage\",\"@id\":\"https:\/\/thangmayfujith.com\/?page_id=106\",\"url\":\"https:\/\/thangmayfujith.com\/?page_id=106\",\"name\":\"Li\u00ean h\u1ec7 FUJI TH | T\u01b0 v\u1ea5n thang m\u00e1y gia \u0111\u00ecnh\",\"isPartOf\":{\"@id\":\"https:\/\/thangmayfujith.com\/#website\"},\"datePublished\":\"2026-03-10T10:25:00+00:00\",\"dateModified\":\"2026-03-20T07:48:36+00:00\",\"description\":\"Li\u00ean h\u1ec7 FUJI TH \u0111\u1ec3 t\u01b0 v\u1ea5n thang m\u00e1y gia \u0111\u00ecnh cho nh\u00e0 ph\u1ed1, nh\u00e0 cao t\u1ea7ng. T\u01b0 v\u1ea5n nhanh, h\u1ed7 tr\u1ee3 t\u1eadn t\u00ecnh, b\u1ea3o h\u00e0nh r\u00f5 r\u00e0ng.\",\"breadcrumb\":{\"@id\":\"https:\/\/thangmayfujith.com\/?page_id=106#breadcrumb\"},\"inLanguage\":\"en-GB\",\"potentialAction\":[{\"@type\":\"ReadAction\",\"target\":[\"https:\/\/thangmayfujith.com\/?page_id=106\"]}]},{\"@type\":\"BreadcrumbList\",\"@id\":\"https:\/\/thangmayfujith.com\/?page_id=106#breadcrumb\",\"itemListElement\":[{\"@type\":\"ListItem\",\"position\":1,\"name\":\"Home\",\"item\":\"https:\/\/thangmayfujith.com\/\"},{\"@type\":\"ListItem\",\"position\":2,\"name\":\"Li\u00ean h\u1ec7\"}]},{\"@type\":\"WebSite\",\"@id\":\"https:\/\/thangmayfujith.com\/#website\",\"url\":\"https:\/\/thangmayfujith.com\/\",\"name\":\"Thang m\u00e1y gia \u0111\u00ecnh FUJI TH | Thang inox, thang k\u00ednh\",\"description\":\"\",\"publisher\":{\"@id\":\"https:\/\/thangmayfujith.com\/#organization\"},\"potentialAction\":[{\"@type\":\"SearchAction\",\"target\":{\"@type\":\"EntryPoint\",\"urlTemplate\":\"https:\/\/thangmayfujith.com\/?s={search_term_string}\"},\"query-input\":{\"@type\":\"PropertyValueSpecification\",\"valueRequired\":true,\"valueName\":\"search_term_string\"}}],\"inLanguage\":\"en-GB\"},{\"@type\":\"Organization\",\"@id\":\"https:\/\/thangmayfujith.com\/#organization\",\"name\":\"FUJI TH chuy\u00ean l\u1eafp \u0111\u1eb7t thang m\u00e1y gia \u0111\u00ecnh cho nh\u00e0 ph\u1ed1, nh\u00e0 cao t\u1ea7ng. Cung c\u1ea5p thang inox, thang k\u00ednh theo nhu c\u1ea7u, t\u01b0 v\u1ea5n nhanh, b\u1ea3o h\u00e0nh r\u00f5 r\u00e0ng.\",\"url\":\"https:\/\/thangmayfujith.com\/\",\"logo\":{\"@type\":\"ImageObject\",\"inLanguage\":\"en-GB\",\"@id\":\"https:\/\/thangmayfujith.com\/#\/schema\/logo\/image\/\",\"url\":\"https:\/\/thangmayfujith.com\/wp-content\/uploads\/2026\/03\/cropped-photo_6159006239912823984_y.jpg\",\"contentUrl\":\"https:\/\/thangmayfujith.com\/wp-content\/uploads\/2026\/03\/cropped-photo_6159006239912823984_y.jpg\",\"width\":512,\"height\":512,\"caption\":\"FUJI TH chuy\u00ean l\u1eafp \u0111\u1eb7t thang m\u00e1y gia \u0111\u00ecnh cho nh\u00e0 ph\u1ed1, nh\u00e0 cao t\u1ea7ng. Cung c\u1ea5p thang inox, thang k\u00ednh theo nhu c\u1ea7u, t\u01b0 v\u1ea5n nhanh, b\u1ea3o h\u00e0nh r\u00f5 r\u00e0ng.\"},\"image\":{\"@id\":\"https:\/\/thangmayfujith.com\/#\/schema\/logo\/image\/\"},\"sameAs\":[\"https:\/\/www.facebook.com\/profile.php?id=695286863979169\"]}]}<\/script>\n<!-- \/ Yoast SEO Premium plugin. -->","yoast_head_json":{"title":"Li\u00ean h\u1ec7 FUJI TH | T\u01b0 v\u1ea5n thang m\u00e1y gia \u0111\u00ecnh","description":"Li\u00ean h\u1ec7 FUJI TH \u0111\u1ec3 t\u01b0 v\u1ea5n thang m\u00e1y gia \u0111\u00ecnh cho nh\u00e0 ph\u1ed1, nh\u00e0 cao t\u1ea7ng. T\u01b0 v\u1ea5n nhanh, h\u1ed7 tr\u1ee3 t\u1eadn t\u00ecnh, b\u1ea3o h\u00e0nh r\u00f5 r\u00e0ng.","robots":{"index":"index","follow":"follow","max-snippet":"max-snippet:-1","max-image-preview":"max-image-preview:large","max-video-preview":"max-video-preview:-1"},"canonical":"https:\/\/thangmayfujith.com\/?page_id=106","og_locale":"en_GB","og_type":"article","og_title":"Li\u00ean h\u1ec7 FUJI TH \u2013 Thang m\u00e1y gia \u0111\u00ecnh","og_description":"G\u1ecdi ngay \u0111\u1ec3 \u0111\u01b0\u1ee3c t\u01b0 v\u1ea5n thang m\u00e1y gia \u0111\u00ecnh ph\u00f9 h\u1ee3p nhu c\u1ea7u s\u1eed d\u1ee5ng.","og_url":"https:\/\/thangmayfujith.com\/?page_id=106","og_site_name":"thangmayfujith.com","article_publisher":"https:\/\/www.facebook.com\/profile.php?id=695286863979169","article_modified_time":"2026-03-20T07:48:36+00:00","twitter_card":"summary_large_image","twitter_title":"Li\u00ean h\u1ec7","schema":{"@context":"https:\/\/schema.org","@graph":[{"@type":"WebPage","@id":"https:\/\/thangmayfujith.com\/?page_id=106","url":"https:\/\/thangmayfujith.com\/?page_id=106","name":"Li\u00ean h\u1ec7 FUJI TH | T\u01b0 v\u1ea5n thang m\u00e1y gia \u0111\u00ecnh","isPartOf":{"@id":"https:\/\/thangmayfujith.com\/#website"},"datePublished":"2026-03-10T10:25:00+00:00","dateModified":"2026-03-20T07:48:36+00:00","description":"Li\u00ean h\u1ec7 FUJI TH \u0111\u1ec3 t\u01b0 v\u1ea5n thang m\u00e1y gia \u0111\u00ecnh cho nh\u00e0 ph\u1ed1, nh\u00e0 cao t\u1ea7ng. T\u01b0 v\u1ea5n nhanh, h\u1ed7 tr\u1ee3 t\u1eadn t\u00ecnh, b\u1ea3o h\u00e0nh r\u00f5 r\u00e0ng.","breadcrumb":{"@id":"https:\/\/thangmayfujith.com\/?page_id=106#breadcrumb"},"inLanguage":"en-GB","potentialAction":[{"@type":"ReadAction","target":["https:\/\/thangmayfujith.com\/?page_id=106"]}]},{"@type":"BreadcrumbList","@id":"https:\/\/thangmayfujith.com\/?page_id=106#breadcrumb","itemListElement":[{"@type":"ListItem","position":1,"name":"Home","item":"https:\/\/thangmayfujith.com\/"},{"@type":"ListItem","position":2,"name":"Li\u00ean h\u1ec7"}]},{"@type":"WebSite","@id":"https:\/\/thangmayfujith.com\/#website","url":"https:\/\/thangmayfujith.com\/","name":"Thang m\u00e1y gia \u0111\u00ecnh FUJI TH | Thang inox, thang k\u00ednh","description":"","publisher":{"@id":"https:\/\/thangmayfujith.com\/#organization"},"potentialAction":[{"@type":"SearchAction","target":{"@type":"EntryPoint","urlTemplate":"https:\/\/thangmayfujith.com\/?s={search_term_string}"},"query-input":{"@type":"PropertyValueSpecification","valueRequired":true,"valueName":"search_term_string"}}],"inLanguage":"en-GB"},{"@type":"Organization","@id":"https:\/\/thangmayfujith.com\/#organization","name":"FUJI TH chuy\u00ean l\u1eafp \u0111\u1eb7t thang m\u00e1y gia \u0111\u00ecnh cho nh\u00e0 ph\u1ed1, nh\u00e0 cao t\u1ea7ng. Cung c\u1ea5p thang inox, thang k\u00ednh theo nhu c\u1ea7u, t\u01b0 v\u1ea5n nhanh, b\u1ea3o h\u00e0nh r\u00f5 r\u00e0ng.","url":"https:\/\/thangmayfujith.com\/","logo":{"@type":"ImageObject","inLanguage":"en-GB","@id":"https:\/\/thangmayfujith.com\/#\/schema\/logo\/image\/","url":"https:\/\/thangmayfujith.com\/wp-content\/uploads\/2026\/03\/cropped-photo_6159006239912823984_y.jpg","contentUrl":"https:\/\/thangmayfujith.com\/wp-content\/uploads\/2026\/03\/cropped-photo_6159006239912823984_y.jpg","width":512,"height":512,"caption":"FUJI TH chuy\u00ean l\u1eafp \u0111\u1eb7t thang m\u00e1y gia \u0111\u00ecnh cho nh\u00e0 ph\u1ed1, nh\u00e0 cao t\u1ea7ng. Cung c\u1ea5p thang inox, thang k\u00ednh theo nhu c\u1ea7u, t\u01b0 v\u1ea5n nhanh, b\u1ea3o h\u00e0nh r\u00f5 r\u00e0ng."},"image":{"@id":"https:\/\/thangmayfujith.com\/#\/schema\/logo\/image\/"},"sameAs":["https:\/\/www.facebook.com\/profile.php?id=695286863979169"]}]}},"_hostinger_reach_plugin_has_subscription_block":false,"_hostinger_reach_plugin_is_elementor":false,"uagb_featured_image_src":{"full":false,"thumbnail":false,"medium":false,"medium_large":false,"large":false,"1536x1536":false,"2048x2048":false},"uagb_author_info":{"display_name":"opencode","author_link":"https:\/\/thangmayfujith.com\/?author=3"},"uagb_comment_info":0,"uagb_excerpt":null,"_links":{"self":[{"href":"https:\/\/thangmayfujith.com\/index.php?rest_route=\/wp\/v2\/pages\/106","targetHints":{"allow":["GET"]}}],"collection":[{"href":"https:\/\/thangmayfujith.com\/index.php?rest_route=\/wp\/v2\/pages"}],"about":[{"href":"https:\/\/thangmayfujith.com\/index.php?rest_route=\/wp\/v2\/types\/page"}],"author":[{"embeddable":true,"href":"https:\/\/thangmayfujith.com\/index.php?rest_route=\/wp\/v2\/users\/3"}],"replies":[{"embeddable":true,"href":"https:\/\/thangmayfujith.com\/index.php?rest_route=%2Fwp%2Fv2%2Fcomments&post=106"}],"version-history":[{"count":10,"href":"https:\/\/thangmayfujith.com\/index.php?rest_route=\/wp\/v2\/pages\/106\/revisions"}],"predecessor-version":[{"id":2353,"href":"https:\/\/thangmayfujith.com\/index.php?rest_route=\/wp\/v2\/pages\/106\/revisions\/2353"}],"wp:attachment":[{"href":"https:\/\/thangmayfujith.com\/index.php?rest_route=%2Fwp%2Fv2%2Fmedia&parent=106"}],"curies":[{"name":"wp","href":"https:\/\/api.w.org\/{rel}","templated":true}]}}