{"id":104,"date":"2026-03-10T10:15:00","date_gmt":"2026-03-10T10:15:00","guid":{"rendered":"https:\/\/thangmayfujith.com\/du-an\/"},"modified":"2026-03-20T04:59:52","modified_gmt":"2026-03-20T04:59:52","slug":"du-an","status":"publish","type":"page","link":"https:\/\/thangmayfujith.com\/?page_id=104","title":{"rendered":"D\u1ef1 \u00e1n"},"content":{"rendered":"\n\n\t<section class=\"section\" id=\"section_802140447\">\n\t\t<div class=\"section-bg fill\" >\n\t\t\t\t\t\t\t\t\t\n\t\t\t\n\n\t\t<\/div>\n\n\t\t\n\n\t\t<div class=\"section-content relative\">\n\t\t\t\n\n<h1>D\u1ef1 \u00e1n \u0111\u00e3 l\u00e0m<\/h1>\n<p>C\u00e1c b\u00e0i vi\u1ebft t\u1ed5ng h\u1ee3p c\u00f4ng tr\u00ecnh \u0111\u00e3 thi c\u00f4ng v\u00e0 b\u00e0n giao.<\/p>\n\n  \n    <div class=\"row large-columns-3 medium-columns-2 small-columns-1 row-small has-shadow row-box-shadow-2\" >\n  <div class=\"col post-item\" >\n\t\t\t<div class=\"col-inner\">\n\t\t\t\t<div class=\"box box-normal box-text-bottom box-blog-post has-hover\">\n            \t\t\t\t\t<div class=\"box-image\" >\n  \t\t\t\t\t\t<div class=\"image-cover\" style=\"padding-top:56%;\">\n\t\t\t\t\t\t\t<a href=\"https:\/\/thangmayfujith.com\/?p=2373\" class=\"plain\" aria-label=\"Thang m\u00e1y k\u00ednh FUJI TH t\u1ea1i H\u00e0 N\u1ed9i \u2013 Thang m\u00e1y l\u1ed3ng k\u00ednh, cabin k\u00ednh nh\u1ecf g\u1ecdn cho gia \u0111\u00ecnh\">\n\t\t\t\t\t\t\t\t<img loading=\"lazy\" decoding=\"async\" width=\"75\" height=\"59\" src=\"https:\/\/thangmayfujith.com\/wp-content\/uploads\/2018\/09\/logo-regular-free-img-1.png\" class=\"attachment-medium size-medium wp-post-image\" alt=\"Logo regular size\" \/>\t\t\t\t\t\t\t<\/a>\n  \t\t\t\t\t\t\t  \t\t\t\t\t\t\t  \t\t\t\t\t\t<\/div>\n  \t\t\t\t\t\t  \t\t\t\t\t<\/div>\n          \t\t\t\t\t<div class=\"box-text text-center\" >\n\t\t\t\t\t<div class=\"box-text-inner blog-post-inner\">\n\n\t\t\t\t\t\n\t\t\t\t\t\t\t\t\t\t<h5 class=\"post-title is-large \">\n\t\t\t\t\t\t<a href=\"https:\/\/thangmayfujith.com\/?p=2373\" class=\"plain\">Thang m\u00e1y k\u00ednh FUJI TH t\u1ea1i H\u00e0 N\u1ed9i \u2013 Thang m\u00e1y l\u1ed3ng k\u00ednh, cabin k\u00ednh nh\u1ecf g\u1ecdn cho gia \u0111\u00ecnh<\/a>\n\t\t\t\t\t<\/h5>\n\t\t\t\t\t\t\t\t\t\t<div class=\"is-divider\"><\/div>\n\t\t\t\t\t\t\t\t\t\t<p class=\"from_the_blog_excerpt \">\n\t\t\t\t\t\tThang m\u00e1y k\u00ednh FUJI TH t\u1ea1i H\u00e0 N\u1ed9i l\u00e0 l\u1ef1a ch\u1ecdn t\u1ed1i \u01b0u cho gia [...]\t\t\t\t\t<\/p>\n\t\t\t\t\t                    \n\t\t\t\t\t\n\t\t\t\t\t\n\t\t\t\t\t<\/div>\n\t\t\t\t\t<\/div>\n\t\t\t\t\t\t\t\t\t\t\t\t\t\t\t\t<div class=\"badge absolute top post-date badge-outline\">\n\t\t\t\t\t\t\t<div class=\"badge-inner\">\n\t\t\t\t\t\t\t\t<span class=\"post-date-day\">20<\/span><br>\n\t\t\t\t\t\t\t\t<span class=\"post-date-month is-xsmall\">Mar<\/span>\n\t\t\t\t\t\t\t<\/div>\n\t\t\t\t\t\t<\/div>\n\t\t\t\t\t\t\t\t\t<\/div>\n\t\t\t<\/div>\n\t\t<\/div><div class=\"col post-item\" >\n\t\t\t<div class=\"col-inner\">\n\t\t\t\t<div class=\"box box-normal box-text-bottom box-blog-post has-hover\">\n            \t\t\t\t\t<div class=\"box-image\" >\n  \t\t\t\t\t\t<div class=\"image-cover\" style=\"padding-top:56%;\">\n\t\t\t\t\t\t\t<a href=\"https:\/\/thangmayfujith.com\/?p=2361\" class=\"plain\" aria-label=\"Thang m\u00e1y FUJI TH t\u1ea1i Tam Gi\u00e1c M\u1ea1nh Hotel \u2013 H\u00e0 Giang\">\n\t\t\t\t\t\t\t\t<img loading=\"lazy\" decoding=\"async\" width=\"148\" height=\"117\" src=\"https:\/\/thangmayfujith.com\/wp-content\/uploads\/2018\/09\/logo-@2x-free-img.png\" class=\"attachment-medium size-medium wp-post-image\" alt=\"Logo retina\" \/>\t\t\t\t\t\t\t<\/a>\n  \t\t\t\t\t\t\t  \t\t\t\t\t\t\t  \t\t\t\t\t\t<\/div>\n  \t\t\t\t\t\t  \t\t\t\t\t<\/div>\n          \t\t\t\t\t<div class=\"box-text text-center\" >\n\t\t\t\t\t<div class=\"box-text-inner blog-post-inner\">\n\n\t\t\t\t\t\n\t\t\t\t\t\t\t\t\t\t<h5 class=\"post-title is-large \">\n\t\t\t\t\t\t<a href=\"https:\/\/thangmayfujith.com\/?p=2361\" class=\"plain\">Thang m\u00e1y FUJI TH t\u1ea1i Tam Gi\u00e1c M\u1ea1nh Hotel \u2013 H\u00e0 Giang<\/a>\n\t\t\t\t\t<\/h5>\n\t\t\t\t\t\t\t\t\t\t<div class=\"is-divider\"><\/div>\n\t\t\t\t\t\t\t\t\t\t<p class=\"from_the_blog_excerpt \">\n\t\t\t\t\t\t\ud83c\udfd4\ufe0f FUJI TH \u2013 H\u00c0NH TR\u00ccNH CH\u1ea0M \u0110\u1ebeN BI\u00caN C\u01af\u01a0NG \ud83c\udfd4\ufe0f \ud83c\udf1f Thang m\u00e1y Fuji [...]\t\t\t\t\t<\/p>\n\t\t\t\t\t                    \n\t\t\t\t\t\n\t\t\t\t\t\n\t\t\t\t\t<\/div>\n\t\t\t\t\t<\/div>\n\t\t\t\t\t\t\t\t\t\t\t\t\t\t\t\t<div class=\"badge absolute top post-date badge-outline\">\n\t\t\t\t\t\t\t<div class=\"badge-inner\">\n\t\t\t\t\t\t\t\t<span class=\"post-date-day\">20<\/span><br>\n\t\t\t\t\t\t\t\t<span class=\"post-date-month is-xsmall\">Mar<\/span>\n\t\t\t\t\t\t\t<\/div>\n\t\t\t\t\t\t<\/div>\n\t\t\t\t\t\t\t\t\t<\/div>\n\t\t\t<\/div>\n\t\t<\/div><div class=\"col post-item\" >\n\t\t\t<div class=\"col-inner\">\n\t\t\t\t<div class=\"box box-normal box-text-bottom box-blog-post has-hover\">\n            \t\t\t\t\t<div class=\"box-image\" >\n  \t\t\t\t\t\t<div class=\"image-cover\" style=\"padding-top:56%;\">\n\t\t\t\t\t\t\t<a href=\"https:\/\/thangmayfujith.com\/?p=2314\" class=\"plain\" aria-label=\"Thang m\u00e1y M\u00e8o V\u1ea1c t\u1ea1i VOI HOTEL: D\u1ef1 \u00e1n th\u1ef1c t\u1ebf c\u1ee7a FUJI TH\">\n\t\t\t\t\t\t\t\t<img loading=\"lazy\" decoding=\"async\" width=\"300\" height=\"300\" src=\"https:\/\/thangmayfujith.com\/wp-content\/uploads\/2018\/09\/favicon-free-img-300x300.png\" class=\"attachment-medium size-medium wp-post-image\" alt=\"Favicon\" srcset=\"https:\/\/thangmayfujith.com\/wp-content\/uploads\/2018\/09\/favicon-free-img-300x300.png 300w, https:\/\/thangmayfujith.com\/wp-content\/uploads\/2018\/09\/favicon-free-img-100x100.png 100w, https:\/\/thangmayfujith.com\/wp-content\/uploads\/2018\/09\/favicon-free-img-510x510.png 510w, https:\/\/thangmayfujith.com\/wp-content\/uploads\/2018\/09\/favicon-free-img-150x150.png 150w, https:\/\/thangmayfujith.com\/wp-content\/uploads\/2018\/09\/favicon-free-img.png 512w\" sizes=\"auto, (max-width: 300px) 100vw, 300px\" \/>\t\t\t\t\t\t\t<\/a>\n  \t\t\t\t\t\t\t  \t\t\t\t\t\t\t  \t\t\t\t\t\t<\/div>\n  \t\t\t\t\t\t  \t\t\t\t\t<\/div>\n          \t\t\t\t\t<div class=\"box-text text-center\" >\n\t\t\t\t\t<div class=\"box-text-inner blog-post-inner\">\n\n\t\t\t\t\t\n\t\t\t\t\t\t\t\t\t\t<h5 class=\"post-title is-large \">\n\t\t\t\t\t\t<a href=\"https:\/\/thangmayfujith.com\/?p=2314\" class=\"plain\">Thang m\u00e1y M\u00e8o V\u1ea1c t\u1ea1i VOI HOTEL: D\u1ef1 \u00e1n th\u1ef1c t\u1ebf c\u1ee7a FUJI TH<\/a>\n\t\t\t\t\t<\/h5>\n\t\t\t\t\t\t\t\t\t\t<div class=\"is-divider\"><\/div>\n\t\t\t\t\t\t\t\t\t\t<p class=\"from_the_blog_excerpt \">\n\t\t\t\t\t\t\t\t\t\t\t<\/p>\n\t\t\t\t\t                    \n\t\t\t\t\t\n\t\t\t\t\t\n\t\t\t\t\t<\/div>\n\t\t\t\t\t<\/div>\n\t\t\t\t\t\t\t\t\t\t\t\t\t\t\t\t<div class=\"badge absolute top post-date badge-outline\">\n\t\t\t\t\t\t\t<div class=\"badge-inner\">\n\t\t\t\t\t\t\t\t<span class=\"post-date-day\">20<\/span><br>\n\t\t\t\t\t\t\t\t<span class=\"post-date-month is-xsmall\">Mar<\/span>\n\t\t\t\t\t\t\t<\/div>\n\t\t\t\t\t\t<\/div>\n\t\t\t\t\t\t\t\t\t<\/div>\n\t\t\t<\/div>\n\t\t<\/div><\/div>\n\n\n\t\t<\/div>\n\n\t\t\n<style>\n#section_802140447 {\n  padding-top: 30px;\n  padding-bottom: 30px;\n}\n<\/style>\n\t<\/section>\n\t\n\n","protected":false},"excerpt":{"rendered":"","protected":false},"author":3,"featured_media":0,"parent":0,"menu_order":0,"comment_status":"closed","ping_status":"closed","template":"","meta":{"_yoast_wpseo_focuskw":"","_yoast_wpseo_title":"D\u1ef1 \u00e1n FUJI TH | Thang m\u00e1y gia \u0111\u00ecnh \u0111\u00e3 l\u1eafp \u0111\u1eb7t","_yoast_wpseo_metadesc":"T\u1ed5ng h\u1ee3p d\u1ef1 \u00e1n thang m\u00e1y gia \u0111\u00ecnh FUJI TH \u0111\u00e3 l\u1eafp \u0111\u1eb7t cho nh\u00e0 ph\u1ed1, nh\u00e0 cao t\u1ea7ng. H\u00ecnh \u1ea3nh, th\u00f4ng tin c\u00f4ng tr\u00ecnh ti\u00eau bi\u1ec3u.","_yoast_wpseo_opengraph-title":"D\u1ef1 \u00e1n FUJI TH","_yoast_wpseo_opengraph-description":"C\u00e1c d\u1ef1 \u00e1n thang m\u00e1y gia \u0111\u00ecnh FUJI TH \u0111\u00e3 th\u1ef1c hi\u1ec7n.","_uag_custom_page_level_css":"","footnotes":""},"class_list":["post-104","page","type-page","status-publish","hentry"],"yoast_head":"<!-- This site is optimized with the Yoast SEO Premium plugin v26.2 (Yoast SEO v26.2) - https:\/\/yoast.com\/wordpress\/plugins\/seo\/ -->\n<title>D\u1ef1 \u00e1n FUJI TH | Thang m\u00e1y gia \u0111\u00ecnh \u0111\u00e3 l\u1eafp \u0111\u1eb7t<\/title>\n<meta name=\"description\" content=\"T\u1ed5ng h\u1ee3p d\u1ef1 \u00e1n thang m\u00e1y gia \u0111\u00ecnh FUJI TH \u0111\u00e3 l\u1eafp \u0111\u1eb7t cho nh\u00e0 ph\u1ed1, nh\u00e0 cao t\u1ea7ng. H\u00ecnh \u1ea3nh, th\u00f4ng tin c\u00f4ng tr\u00ecnh ti\u00eau bi\u1ec3u.\" \/>\n<meta name=\"robots\" content=\"index, follow, max-snippet:-1, max-image-preview:large, max-video-preview:-1\" \/>\n<link rel=\"canonical\" href=\"https:\/\/thangmayfujith.com\/?page_id=104\" \/>\n<meta property=\"og:locale\" content=\"en_GB\" \/>\n<meta property=\"og:type\" content=\"article\" \/>\n<meta property=\"og:title\" content=\"D\u1ef1 \u00e1n FUJI TH\" \/>\n<meta property=\"og:description\" content=\"C\u00e1c d\u1ef1 \u00e1n thang m\u00e1y gia \u0111\u00ecnh FUJI TH \u0111\u00e3 th\u1ef1c hi\u1ec7n.\" \/>\n<meta property=\"og:url\" content=\"https:\/\/thangmayfujith.com\/?page_id=104\" \/>\n<meta property=\"og:site_name\" content=\"thangmayfujith.com\" \/>\n<meta property=\"article:publisher\" content=\"https:\/\/www.facebook.com\/profile.php?id=695286863979169\" \/>\n<meta property=\"article:modified_time\" content=\"2026-03-20T04:59:52+00:00\" \/>\n<meta name=\"twitter:card\" content=\"summary_large_image\" \/>\n<meta name=\"twitter:title\" content=\"D\u1ef1 \u00e1n\" \/>\n<script type=\"application\/ld+json\" class=\"yoast-schema-graph\">{\"@context\":\"https:\/\/schema.org\",\"@graph\":[{\"@type\":\"WebPage\",\"@id\":\"https:\/\/thangmayfujith.com\/?page_id=104\",\"url\":\"https:\/\/thangmayfujith.com\/?page_id=104\",\"name\":\"D\u1ef1 \u00e1n FUJI TH | Thang m\u00e1y gia \u0111\u00ecnh \u0111\u00e3 l\u1eafp \u0111\u1eb7t\",\"isPartOf\":{\"@id\":\"https:\/\/thangmayfujith.com\/#website\"},\"datePublished\":\"2026-03-10T10:15:00+00:00\",\"dateModified\":\"2026-03-20T04:59:52+00:00\",\"description\":\"T\u1ed5ng h\u1ee3p d\u1ef1 \u00e1n thang m\u00e1y gia \u0111\u00ecnh FUJI TH \u0111\u00e3 l\u1eafp \u0111\u1eb7t cho nh\u00e0 ph\u1ed1, nh\u00e0 cao t\u1ea7ng. H\u00ecnh \u1ea3nh, th\u00f4ng tin c\u00f4ng tr\u00ecnh ti\u00eau bi\u1ec3u.\",\"breadcrumb\":{\"@id\":\"https:\/\/thangmayfujith.com\/?page_id=104#breadcrumb\"},\"inLanguage\":\"en-GB\",\"potentialAction\":[{\"@type\":\"ReadAction\",\"target\":[\"https:\/\/thangmayfujith.com\/?page_id=104\"]}]},{\"@type\":\"BreadcrumbList\",\"@id\":\"https:\/\/thangmayfujith.com\/?page_id=104#breadcrumb\",\"itemListElement\":[{\"@type\":\"ListItem\",\"position\":1,\"name\":\"Home\",\"item\":\"https:\/\/thangmayfujith.com\/\"},{\"@type\":\"ListItem\",\"position\":2,\"name\":\"D\u1ef1 \u00e1n\"}]},{\"@type\":\"WebSite\",\"@id\":\"https:\/\/thangmayfujith.com\/#website\",\"url\":\"https:\/\/thangmayfujith.com\/\",\"name\":\"Thang m\u00e1y gia \u0111\u00ecnh FUJI TH | Thang inox, thang k\u00ednh\",\"description\":\"\",\"publisher\":{\"@id\":\"https:\/\/thangmayfujith.com\/#organization\"},\"potentialAction\":[{\"@type\":\"SearchAction\",\"target\":{\"@type\":\"EntryPoint\",\"urlTemplate\":\"https:\/\/thangmayfujith.com\/?s={search_term_string}\"},\"query-input\":{\"@type\":\"PropertyValueSpecification\",\"valueRequired\":true,\"valueName\":\"search_term_string\"}}],\"inLanguage\":\"en-GB\"},{\"@type\":\"Organization\",\"@id\":\"https:\/\/thangmayfujith.com\/#organization\",\"name\":\"FUJI TH chuy\u00ean l\u1eafp \u0111\u1eb7t thang m\u00e1y gia \u0111\u00ecnh cho nh\u00e0 ph\u1ed1, nh\u00e0 cao t\u1ea7ng. Cung c\u1ea5p thang inox, thang k\u00ednh theo nhu c\u1ea7u, t\u01b0 v\u1ea5n nhanh, b\u1ea3o h\u00e0nh r\u00f5 r\u00e0ng.\",\"url\":\"https:\/\/thangmayfujith.com\/\",\"logo\":{\"@type\":\"ImageObject\",\"inLanguage\":\"en-GB\",\"@id\":\"https:\/\/thangmayfujith.com\/#\/schema\/logo\/image\/\",\"url\":\"https:\/\/thangmayfujith.com\/wp-content\/uploads\/2026\/03\/cropped-photo_6159006239912823984_y.jpg\",\"contentUrl\":\"https:\/\/thangmayfujith.com\/wp-content\/uploads\/2026\/03\/cropped-photo_6159006239912823984_y.jpg\",\"width\":512,\"height\":512,\"caption\":\"FUJI TH chuy\u00ean l\u1eafp \u0111\u1eb7t thang m\u00e1y gia \u0111\u00ecnh cho nh\u00e0 ph\u1ed1, nh\u00e0 cao t\u1ea7ng. Cung c\u1ea5p thang inox, thang k\u00ednh theo nhu c\u1ea7u, t\u01b0 v\u1ea5n nhanh, b\u1ea3o h\u00e0nh r\u00f5 r\u00e0ng.\"},\"image\":{\"@id\":\"https:\/\/thangmayfujith.com\/#\/schema\/logo\/image\/\"},\"sameAs\":[\"https:\/\/www.facebook.com\/profile.php?id=695286863979169\"]}]}<\/script>\n<!-- \/ Yoast SEO Premium plugin. -->","yoast_head_json":{"title":"D\u1ef1 \u00e1n FUJI TH | Thang m\u00e1y gia \u0111\u00ecnh \u0111\u00e3 l\u1eafp \u0111\u1eb7t","description":"T\u1ed5ng h\u1ee3p d\u1ef1 \u00e1n thang m\u00e1y gia \u0111\u00ecnh FUJI TH \u0111\u00e3 l\u1eafp \u0111\u1eb7t cho nh\u00e0 ph\u1ed1, nh\u00e0 cao t\u1ea7ng. H\u00ecnh \u1ea3nh, th\u00f4ng tin c\u00f4ng tr\u00ecnh ti\u00eau bi\u1ec3u.","robots":{"index":"index","follow":"follow","max-snippet":"max-snippet:-1","max-image-preview":"max-image-preview:large","max-video-preview":"max-video-preview:-1"},"canonical":"https:\/\/thangmayfujith.com\/?page_id=104","og_locale":"en_GB","og_type":"article","og_title":"D\u1ef1 \u00e1n FUJI TH","og_description":"C\u00e1c d\u1ef1 \u00e1n thang m\u00e1y gia \u0111\u00ecnh FUJI TH \u0111\u00e3 th\u1ef1c hi\u1ec7n.","og_url":"https:\/\/thangmayfujith.com\/?page_id=104","og_site_name":"thangmayfujith.com","article_publisher":"https:\/\/www.facebook.com\/profile.php?id=695286863979169","article_modified_time":"2026-03-20T04:59:52+00:00","twitter_card":"summary_large_image","twitter_title":"D\u1ef1 \u00e1n","schema":{"@context":"https:\/\/schema.org","@graph":[{"@type":"WebPage","@id":"https:\/\/thangmayfujith.com\/?page_id=104","url":"https:\/\/thangmayfujith.com\/?page_id=104","name":"D\u1ef1 \u00e1n FUJI TH | Thang m\u00e1y gia \u0111\u00ecnh \u0111\u00e3 l\u1eafp \u0111\u1eb7t","isPartOf":{"@id":"https:\/\/thangmayfujith.com\/#website"},"datePublished":"2026-03-10T10:15:00+00:00","dateModified":"2026-03-20T04:59:52+00:00","description":"T\u1ed5ng h\u1ee3p d\u1ef1 \u00e1n thang m\u00e1y gia \u0111\u00ecnh FUJI TH \u0111\u00e3 l\u1eafp \u0111\u1eb7t cho nh\u00e0 ph\u1ed1, nh\u00e0 cao t\u1ea7ng. H\u00ecnh \u1ea3nh, th\u00f4ng tin c\u00f4ng tr\u00ecnh ti\u00eau bi\u1ec3u.","breadcrumb":{"@id":"https:\/\/thangmayfujith.com\/?page_id=104#breadcrumb"},"inLanguage":"en-GB","potentialAction":[{"@type":"ReadAction","target":["https:\/\/thangmayfujith.com\/?page_id=104"]}]},{"@type":"BreadcrumbList","@id":"https:\/\/thangmayfujith.com\/?page_id=104#breadcrumb","itemListElement":[{"@type":"ListItem","position":1,"name":"Home","item":"https:\/\/thangmayfujith.com\/"},{"@type":"ListItem","position":2,"name":"D\u1ef1 \u00e1n"}]},{"@type":"WebSite","@id":"https:\/\/thangmayfujith.com\/#website","url":"https:\/\/thangmayfujith.com\/","name":"Thang m\u00e1y gia \u0111\u00ecnh FUJI TH | Thang inox, thang k\u00ednh","description":"","publisher":{"@id":"https:\/\/thangmayfujith.com\/#organization"},"potentialAction":[{"@type":"SearchAction","target":{"@type":"EntryPoint","urlTemplate":"https:\/\/thangmayfujith.com\/?s={search_term_string}"},"query-input":{"@type":"PropertyValueSpecification","valueRequired":true,"valueName":"search_term_string"}}],"inLanguage":"en-GB"},{"@type":"Organization","@id":"https:\/\/thangmayfujith.com\/#organization","name":"FUJI TH chuy\u00ean l\u1eafp \u0111\u1eb7t thang m\u00e1y gia \u0111\u00ecnh cho nh\u00e0 ph\u1ed1, nh\u00e0 cao t\u1ea7ng. Cung c\u1ea5p thang inox, thang k\u00ednh theo nhu c\u1ea7u, t\u01b0 v\u1ea5n nhanh, b\u1ea3o h\u00e0nh r\u00f5 r\u00e0ng.","url":"https:\/\/thangmayfujith.com\/","logo":{"@type":"ImageObject","inLanguage":"en-GB","@id":"https:\/\/thangmayfujith.com\/#\/schema\/logo\/image\/","url":"https:\/\/thangmayfujith.com\/wp-content\/uploads\/2026\/03\/cropped-photo_6159006239912823984_y.jpg","contentUrl":"https:\/\/thangmayfujith.com\/wp-content\/uploads\/2026\/03\/cropped-photo_6159006239912823984_y.jpg","width":512,"height":512,"caption":"FUJI TH chuy\u00ean l\u1eafp \u0111\u1eb7t thang m\u00e1y gia \u0111\u00ecnh cho nh\u00e0 ph\u1ed1, nh\u00e0 cao t\u1ea7ng. Cung c\u1ea5p thang inox, thang k\u00ednh theo nhu c\u1ea7u, t\u01b0 v\u1ea5n nhanh, b\u1ea3o h\u00e0nh r\u00f5 r\u00e0ng."},"image":{"@id":"https:\/\/thangmayfujith.com\/#\/schema\/logo\/image\/"},"sameAs":["https:\/\/www.facebook.com\/profile.php?id=695286863979169"]}]}},"_hostinger_reach_plugin_has_subscription_block":false,"_hostinger_reach_plugin_is_elementor":false,"uagb_featured_image_src":{"full":false,"thumbnail":false,"medium":false,"medium_large":false,"large":false,"1536x1536":false,"2048x2048":false},"uagb_author_info":{"display_name":"opencode","author_link":"https:\/\/thangmayfujith.com\/?author=3"},"uagb_comment_info":0,"uagb_excerpt":null,"_links":{"self":[{"href":"https:\/\/thangmayfujith.com\/index.php?rest_route=\/wp\/v2\/pages\/104","targetHints":{"allow":["GET"]}}],"collection":[{"href":"https:\/\/thangmayfujith.com\/index.php?rest_route=\/wp\/v2\/pages"}],"about":[{"href":"https:\/\/thangmayfujith.com\/index.php?rest_route=\/wp\/v2\/types\/page"}],"author":[{"embeddable":true,"href":"https:\/\/thangmayfujith.com\/index.php?rest_route=\/wp\/v2\/users\/3"}],"replies":[{"embeddable":true,"href":"https:\/\/thangmayfujith.com\/index.php?rest_route=%2Fwp%2Fv2%2Fcomments&post=104"}],"version-history":[{"count":6,"href":"https:\/\/thangmayfujith.com\/index.php?rest_route=\/wp\/v2\/pages\/104\/revisions"}],"predecessor-version":[{"id":2324,"href":"https:\/\/thangmayfujith.com\/index.php?rest_route=\/wp\/v2\/pages\/104\/revisions\/2324"}],"wp:attachment":[{"href":"https:\/\/thangmayfujith.com\/index.php?rest_route=%2Fwp%2Fv2%2Fmedia&parent=104"}],"curies":[{"name":"wp","href":"https:\/\/api.w.org\/{rel}","templated":true}]}}